{"id":2112,"date":"2023-03-02T10:45:26","date_gmt":"2023-03-02T10:45:26","guid":{"rendered":"https:\/\/knippschild-gmbh.de\/?page_id=2112"},"modified":"2023-03-02T11:10:07","modified_gmt":"2023-03-02T11:10:07","slug":"ausbildung-zum-konstruktionsmechaniker-m-w-d","status":"publish","type":"page","link":"https:\/\/knippschild-gmbh.de\/gb\/ausbildung-zum-konstruktionsmechaniker-m-w-d\/","title":{"rendered":"Ausbildung zum Konstruktionsmechaniker (m\/w\/d)"},"content":{"rendered":"\t\t<div data-elementor-type=\"wp-page\" data-elementor-id=\"2112\" class=\"elementor elementor-2112\" data-elementor-post-type=\"page\">\n\t\t\t\t\t\t<section class=\"elementor-section elementor-top-section elementor-element elementor-element-e8c52ff elementor-section-boxed elementor-section-height-default elementor-section-height-default\" data-id=\"e8c52ff\" data-element_type=\"section\">\n\t\t\t\t\t\t<div class=\"elementor-container elementor-column-gap-default\">\n\t\t\t\t\t<div class=\"elementor-column elementor-col-100 elementor-top-column elementor-element elementor-element-9e4fb60\" data-id=\"9e4fb60\" data-element_type=\"column\">\n\t\t\t<div class=\"elementor-widget-wrap elementor-element-populated\">\n\t\t\t\t\t\t<div class=\"elementor-element elementor-element-4a4dc89 elementor-widget elementor-widget-heading\" data-id=\"4a4dc89\" data-element_type=\"widget\" data-widget_type=\"heading.default\">\n\t\t\t\t<div class=\"elementor-widget-container\">\n\t\t\t\t\t<h1 class=\"elementor-heading-title elementor-size-xl\">Ausbildung zum Konstruktionsmechaniker (m\/w\/d)<\/h1>\t\t\t\t<\/div>\n\t\t\t\t<\/div>\n\t\t\t\t\t<\/div>\n\t\t<\/div>\n\t\t\t\t\t<\/div>\n\t\t<\/section>\n\t\t\t\t<section class=\"elementor-section elementor-top-section elementor-element elementor-element-7a21355 elementor-section-boxed elementor-section-height-default elementor-section-height-default\" data-id=\"7a21355\" data-element_type=\"section\">\n\t\t\t\t\t\t<div class=\"elementor-container elementor-column-gap-default\">\n\t\t\t\t\t<div class=\"elementor-column elementor-col-50 elementor-top-column elementor-element elementor-element-4c1f6f5\" data-id=\"4c1f6f5\" data-element_type=\"column\">\n\t\t\t<div class=\"elementor-widget-wrap elementor-element-populated\">\n\t\t\t\t\t\t<div class=\"elementor-element elementor-element-b291930 elementor-widget elementor-widget-image\" data-id=\"b291930\" data-element_type=\"widget\" data-widget_type=\"image.default\">\n\t\t\t\t<div class=\"elementor-widget-container\">\n\t\t\t\t\t\t\t\t\t\t\t\t\t\t\t<img fetchpriority=\"high\" decoding=\"async\" width=\"1024\" height=\"683\" src=\"https:\/\/knippschild-gmbh.de\/wp-content\/uploads\/2020\/10\/Schweissen-min-2-1024x683.jpg\" class=\"attachment-large size-large wp-image-1093\" alt=\"\" srcset=\"https:\/\/knippschild-gmbh.de\/wp-content\/uploads\/2020\/10\/Schweissen-min-2-1024x683.jpg 1024w, https:\/\/knippschild-gmbh.de\/wp-content\/uploads\/2020\/10\/Schweissen-min-2-300x200.jpg 300w, https:\/\/knippschild-gmbh.de\/wp-content\/uploads\/2020\/10\/Schweissen-min-2-768x512.jpg 768w, https:\/\/knippschild-gmbh.de\/wp-content\/uploads\/2020\/10\/Schweissen-min-2-1536x1025.jpg 1536w, https:\/\/knippschild-gmbh.de\/wp-content\/uploads\/2020\/10\/Schweissen-min-2-2048x1367.jpg 2048w\" sizes=\"(max-width: 1024px) 100vw, 1024px\" \/>\t\t\t\t\t\t\t\t\t\t\t\t\t\t\t<\/div>\n\t\t\t\t<\/div>\n\t\t\t\t\t<\/div>\n\t\t<\/div>\n\t\t\t\t<div class=\"elementor-column elementor-col-50 elementor-top-column elementor-element elementor-element-956c7ed\" data-id=\"956c7ed\" data-element_type=\"column\">\n\t\t\t<div class=\"elementor-widget-wrap elementor-element-populated\">\n\t\t\t\t\t\t<div class=\"elementor-element elementor-element-9fa75f7 elementor-widget elementor-widget-heading\" data-id=\"9fa75f7\" data-element_type=\"widget\" data-widget_type=\"heading.default\">\n\t\t\t\t<div class=\"elementor-widget-container\">\n\t\t\t\t\t<h2 class=\"elementor-heading-title elementor-size-large\">Zur Verst\u00e4rkung unseres Teams suchen wir zum n\u00e4chstm\u00f6glichen Zeitpunkt:<\/h2>\t\t\t\t<\/div>\n\t\t\t\t<\/div>\n\t\t\t\t<div class=\"elementor-element elementor-element-607caad elementor-widget elementor-widget-text-editor\" data-id=\"607caad\" data-element_type=\"widget\" data-widget_type=\"text-editor.default\">\n\t\t\t\t<div class=\"elementor-widget-container\">\n\t\t\t\t\t\t\t\t\t<h1 style=\"margin: 0cm 0cm 8pt 36pt; line-height: 15.6933px; font-size: 11pt; font-family: Calibri, sans-serif; color: #000000; font-style: normal; font-variant-ligatures: normal; font-variant-caps: normal; font-weight: 400; text-indent: -18pt;\"><b><span style=\"font-size: 16pt; line-height: 19.9733px;\">Ausbildung zum Konstruktionsmechaniker (m\/w\/d)<\/span><\/b><\/h1>\n<p style=\"margin: 0cm 0cm 8pt 18pt; line-height: 15.6933px; font-size: 11pt; font-family: Calibri, sans-serif; color: #000000; font-style: normal; font-variant-ligatures: normal; font-variant-caps: normal; font-weight: 400;\"><b>Wer wir sind:<\/b><\/p>\n<p style=\"margin: 0cm 0cm 8pt 18pt; line-height: 15.6933px; font-size: 11pt; font-family: Calibri, sans-serif; color: #000000; font-style: normal; font-variant-ligatures: normal; font-variant-caps: normal; font-weight: 400;\">Die Firma Gustav Knippschild steht seit der Unternehmensgr\u00fcndung 1969 f\u00fcr hochwertige Leistungen, Kompetenz und Zuverl\u00e4ssigkeit. Als mittelst\u00e4ndisches, in der 3. Generation,<br>inhabergef\u00fchrtes Unternehmen bieten wir unseren Kunden von der Anarbeitung \u00fcber die mechanische Bearbeitung und Schwei\u00dfarbeiten bis hin zur Beschichtung ein H\u00f6chstma\u00df an Qualit\u00e4t, Flexibilit\u00e4t und Schnelligkeit.<br>Auf einer Fl\u00e4che von 15.000 m2 entstehen gro\u00dfvolumige Schwei\u00dfbaugruppen bis zu einem St\u00fcckgewicht von 10 Tonnen und auch Einzelkomponenten f\u00fcr s\u00e4mtliche Industriesparten.<\/p>\n<p style=\"margin: 0cm 0cm 8pt 18pt; line-height: 15.6933px; font-size: 11pt; font-family: Calibri, sans-serif; color: #000000; font-style: normal; font-variant-ligatures: normal; font-variant-caps: normal; font-weight: 400;\"><b>Wof\u00fcr wir Sie suchen:<\/b><\/p>\n<p style=\"margin: 0cm 0cm 8pt 35px; line-height: 15.6933px; font-size: 11pt; font-family: Calibri, sans-serif; color: #000000; font-style: normal; font-variant-ligatures: normal; font-variant-caps: normal; font-weight: 400;\">Wer bei uns anf\u00e4ngt, entwickelt sich weiter und hat Freude an seinen Aufgaben. Wir begleiten Sie beim Durchstarten nach der Schule.<\/p>\n<p style=\"margin: 0cm 0cm 8pt 35px; line-height: 15.6933px; font-size: 11pt; font-family: Calibri, sans-serif; color: #000000; font-style: normal; font-variant-ligatures: normal; font-variant-caps: normal; font-weight: 400;\"><span style=\"font-size: 14.6667px;\">Konstruktionsmechaniker (m\/w\/d) lernen die Grundfertigkeiten der Metallbearbeitung, wie beispielsweise Messen, Anrei\u00dfen, Feilen, Mei\u00dfeln, S\u00e4gen, Bohren, Schneiden von Gewinden, sowie Heften einfacher Teile. Dar\u00fcber hinaus umfasst die Ausbildung Fr\u00e4sarbeiten sowie das maschinelle Kaltumformen und die Handhabung von Pressluft- und Elektrowerkzeugen.<\/span><\/p>\n<p style=\"margin: 0cm 0cm 8pt 18pt; line-height: 15.6933px; font-size: 11pt; font-family: Calibri, sans-serif; color: #000000; font-style: normal; font-variant-ligatures: normal; font-variant-caps: normal; font-weight: 400;\"><b>Was Sie mitbringen sollten:<br><\/b><\/p>\n<p style=\"margin: 0cm 0cm 8pt 18pt; line-height: 15.6933px; font-size: 11pt; font-family: Calibri, sans-serif; color: rgb(0, 0, 0); font-style: normal; font-variant-ligatures: normal; font-variant-caps: normal;\">Mindestens einen sehr guten Hauptschulabschluss oder mittlere Reife mit guten Leistungen in Mathematik und Physik. Dar\u00fcber hinaus w\u00e4ren ein technisches Interesse, handwerkliches Geschick und eine sorgf\u00e4ltige Arbeitsweise w\u00fcnschenswert. Sie sollten Eigenschaften wie Aufgeschlossenheit, Motivation und Lernbereitschaft, sowie Teamf\u00e4higkeit besitzen.<\/p>\n<p style=\"margin: 0cm 0cm 8pt 18pt; line-height: 15.6933px; font-size: 11pt; font-family: Calibri, sans-serif; color: #000000; font-style: normal; font-variant-ligatures: normal; font-variant-caps: normal; font-weight: 400;\"><b>Was wir Ihnen bieten:<\/b><\/p>\n<p style=\"margin: 0cm 0cm 8pt 18pt; line-height: 15.6933px; font-size: 11pt; font-family: Calibri, sans-serif; color: #000000; font-style: normal; font-variant-ligatures: normal; font-variant-caps: normal; font-weight: 400;\"><span style=\"font-family: Calibri, sans-serif; font-size: 11pt; font-style: normal; font-variant-ligatures: normal; font-variant-caps: normal; font-weight: 400;\">Als mittelst\u00e4ndiges Unternehmen mit Geschichte und Zukunft unterst\u00fctzen wir Sie dabei mit hervorragenden Arbeitsbedingungen und langfristigen Perspektiven.<br><\/span><span style=\"font-family: Calibri, sans-serif; font-size: 11pt; font-style: normal; font-variant-ligatures: normal; font-variant-caps: normal; font-weight: 400;\">Bei uns werden Sie von erfahrenen Ausbildern pers\u00f6nlich betreut und arbeiten eng mit den anderen Azubis und Facharbeitern zusammen.<br><\/span><span style=\"font-family: Calibri, sans-serif; font-size: 11pt; font-style: normal; font-variant-ligatures: normal; font-variant-caps: normal; font-weight: 400;\">Die Ausbildung dauert 3 Jahre und startet zum 01.08.2023.<br><\/span><span style=\"font-family: Calibri, sans-serif; font-size: 11pt; font-style: normal; font-variant-ligatures: normal; font-variant-caps: normal; font-weight: 400;\">Die Ausbildungsverg\u00fctung und die Urlaubstage richten sich nach dem Tarifvertrag der Metallindustrie.<\/span><\/p>\n<p style=\"margin: 0cm 0cm 8pt 18pt; line-height: 15.6933px; font-size: 11pt; font-family: Calibri, sans-serif; color: #000000; font-style: normal; font-variant-ligatures: normal; font-variant-caps: normal; font-weight: 400;\"><b>Kontaktdetails:<\/b><\/p>\n<p style=\"margin: 0cm 0cm 8pt 18pt; line-height: 15.6933px; font-size: 11pt; font-family: Calibri, sans-serif; color: #000000; font-style: normal; font-variant-ligatures: normal; font-variant-caps: normal; font-weight: 400;\">Sind Sie neugierig? Dann bewerben Sie sich jetzt und erfahren Sie mehr \u00fcber Herausforderungen bei Gustav Knippschild!<\/p>\n<p style=\"margin: 0cm 0cm 8pt 18pt; line-height: 15.6933px; font-size: 11pt; font-family: Calibri, sans-serif; color: #000000; font-style: normal; font-variant-ligatures: normal; font-variant-caps: normal; font-weight: 400;\">Ihr Ansprechpartner:<\/p>\n<p style=\"margin: 0cm 0cm 8pt 18pt; line-height: 15.6933px; font-size: 11pt; font-family: Calibri, sans-serif; color: #000000; font-style: normal; font-variant-ligatures: normal; font-variant-caps: normal; font-weight: 400;\">Jan Holstein<\/p>\n<p style=\"margin: 0cm 0cm 8pt 18pt; line-height: 15.6933px; font-size: 11pt; font-family: Calibri, sans-serif; color: #000000; font-style: normal; font-variant-ligatures: normal; font-variant-caps: normal; font-weight: 400;\"><span style=\"font-family: Calibri, sans-serif; font-size: 11pt; font-style: normal; font-variant-ligatures: normal; font-variant-caps: normal; font-weight: 400;\">Braasstra\u00dfe 16<\/span><\/p>\n<p style=\"margin: 0cm 0cm 8pt 18pt; line-height: 15.6933px; font-size: 11pt; font-family: Calibri, sans-serif; color: #000000; font-style: normal; font-variant-ligatures: normal; font-variant-caps: normal; font-weight: 400;\">D-31737 Rinteln<\/p>\n<p style=\"margin: 0cm 0cm 8pt 18pt; line-height: 15.6933px; font-size: 11pt; font-family: Calibri, sans-serif; color: #000000; font-style: normal; font-variant-ligatures: normal; font-variant-caps: normal; font-weight: 400;\">E-Mail:&nbsp;<a style=\"font-family: Calibri, sans-serif; font-style: normal; font-variant-ligatures: normal; font-variant-caps: normal; font-weight: 400; background-color: #ffffff; color: #0563c1; text-decoration-line: underline;\" href=\"mailto:bewerbungen@knippschild-gmbh.de\">bewerbungen@knippschild-gmbh.de<\/a>&nbsp;<span style=\"font-family: Calibri, sans-serif; font-size: 11pt; font-style: normal; font-variant-ligatures: normal; font-variant-caps: normal; font-weight: 400;\">oder www.knippschild-gmbh.de<\/span><\/p>\t\t\t\t\t\t\t\t<\/div>\n\t\t\t\t<\/div>\n\t\t\t\t\t<\/div>\n\t\t<\/div>\n\t\t\t\t\t<\/div>\n\t\t<\/section>\n\t\t\t\t<\/div>\n\t\t","protected":false},"excerpt":{"rendered":"<p>Ausbildung zum Konstruktionsmechaniker (m\/w\/d) Zur Verst\u00e4rkung unseres Teams suchen wir zum n\u00e4chstm\u00f6glichen Zeitpunkt: Ausbildung zum Konstruktionsmechaniker (m\/w\/d) Wer wir sind: Die Firma Gustav Knippschild steht seit der Unternehmensgr\u00fcndung 1969 f\u00fcr hochwertige Leistungen, Kompetenz und Zuverl\u00e4ssigkeit. Als mittelst\u00e4ndisches, in der 3. Generation,inhabergef\u00fchrtes Unternehmen bieten wir unseren Kunden von der Anarbeitung \u00fcber die mechanische Bearbeitung und Schwei\u00dfarbeiten [&hellip;]<\/p>\n","protected":false},"author":1,"featured_media":0,"parent":0,"menu_order":0,"comment_status":"closed","ping_status":"closed","template":"","meta":{"ocean_post_layout":"full-screen","ocean_both_sidebars_style":"","ocean_both_sidebars_content_width":0,"ocean_both_sidebars_sidebars_width":0,"ocean_sidebar":"0","ocean_second_sidebar":"0","ocean_disable_margins":"on","ocean_add_body_class":"","ocean_shortcode_before_top_bar":"","ocean_shortcode_after_top_bar":"","ocean_shortcode_before_header":"","ocean_shortcode_after_header":"","ocean_has_shortcode":"","ocean_shortcode_after_title":"","ocean_shortcode_before_footer_widgets":"","ocean_shortcode_after_footer_widgets":"","ocean_shortcode_before_footer_bottom":"","ocean_shortcode_after_footer_bottom":"","ocean_display_top_bar":"default","ocean_display_header":"default","ocean_header_style":"","ocean_center_header_left_menu":"0","ocean_custom_header_template":"0","ocean_custom_logo":0,"ocean_custom_retina_logo":0,"ocean_custom_logo_max_width":0,"ocean_custom_logo_tablet_max_width":0,"ocean_custom_logo_mobile_max_width":0,"ocean_custom_logo_max_height":0,"ocean_custom_logo_tablet_max_height":0,"ocean_custom_logo_mobile_max_height":0,"ocean_header_custom_menu":"0","ocean_menu_typo_font_family":"0","ocean_menu_typo_font_subset":"","ocean_menu_typo_font_size":0,"ocean_menu_typo_font_size_tablet":0,"ocean_menu_typo_font_size_mobile":0,"ocean_menu_typo_font_size_unit":"px","ocean_menu_typo_font_weight":"","ocean_menu_typo_font_weight_tablet":"","ocean_menu_typo_font_weight_mobile":"","ocean_menu_typo_transform":"","ocean_menu_typo_transform_tablet":"","ocean_menu_typo_transform_mobile":"","ocean_menu_typo_line_height":0,"ocean_menu_typo_line_height_tablet":0,"ocean_menu_typo_line_height_mobile":0,"ocean_menu_typo_line_height_unit":"","ocean_menu_typo_spacing":0,"ocean_menu_typo_spacing_tablet":0,"ocean_menu_typo_spacing_mobile":0,"ocean_menu_typo_spacing_unit":"","ocean_menu_link_color":"","ocean_menu_link_color_hover":"","ocean_menu_link_color_active":"","ocean_menu_link_background":"","ocean_menu_link_hover_background":"","ocean_menu_link_active_background":"","ocean_menu_social_links_bg":"","ocean_menu_social_hover_links_bg":"","ocean_menu_social_links_color":"","ocean_menu_social_hover_links_color":"","ocean_disable_title":"on","ocean_disable_heading":"default","ocean_post_title":"","ocean_post_subheading":"","ocean_post_title_style":"","ocean_post_title_background_color":"","ocean_post_title_background":0,"ocean_post_title_bg_image_position":"","ocean_post_title_bg_image_attachment":"","ocean_post_title_bg_image_repeat":"","ocean_post_title_bg_image_size":"","ocean_post_title_height":0,"ocean_post_title_bg_overlay":0.5,"ocean_post_title_bg_overlay_color":"","ocean_disable_breadcrumbs":"default","ocean_breadcrumbs_color":"","ocean_breadcrumbs_separator_color":"","ocean_breadcrumbs_links_color":"","ocean_breadcrumbs_links_hover_color":"","ocean_display_footer_widgets":"default","ocean_display_footer_bottom":"default","ocean_custom_footer_template":"0","footnotes":""},"class_list":["post-2112","page","type-page","status-publish","hentry","entry"],"translation":{"provider":"WPGlobus","version":"3.0.1","language":"gb","enabled_languages":["de","gb"],"languages":{"de":{"title":true,"content":true,"excerpt":false},"gb":{"title":false,"content":false,"excerpt":false}}},"yoast_head":"<!-- This site is optimized with the Yoast SEO plugin v26.8 - https:\/\/yoast.com\/product\/yoast-seo-wordpress\/ -->\n<title>Ausbildung zum Konstruktionsmechaniker (m\/w\/d) - Knippschild GmbH<\/title>\n<meta name=\"robots\" content=\"index, follow, max-snippet:-1, max-image-preview:large, max-video-preview:-1\" \/>\n<link rel=\"canonical\" href=\"https:\/\/knippschild-gmbh.de\/ausbildung-zum-konstruktionsmechaniker-m-w-d\/\" \/>\n<meta property=\"og:locale\" content=\"en_GB\" \/>\n<meta property=\"og:type\" content=\"article\" \/>\n<meta property=\"og:title\" content=\"Ausbildung zum Konstruktionsmechaniker (m\/w\/d) - Knippschild GmbH\" \/>\n<meta property=\"og:url\" content=\"https:\/\/knippschild-gmbh.de\/ausbildung-zum-konstruktionsmechaniker-m-w-d\/\" \/>\n<meta property=\"og:site_name\" content=\"Knippschild GmbH\" \/>\n<meta property=\"article:modified_time\" content=\"2023-03-02T11:10:07+00:00\" \/>\n<meta property=\"og:image\" content=\"https:\/\/knippschild-gmbh.de\/wp-content\/uploads\/2020\/10\/Schweissen-min-2-1024x683.jpg\" \/>\n<meta name=\"twitter:card\" content=\"summary_large_image\" \/>\n<meta name=\"twitter:label1\" content=\"Estimated reading time\" \/>\n\t<meta name=\"twitter:data1\" content=\"2 minutes\" \/>\n<script type=\"application\/ld+json\" class=\"yoast-schema-graph\">{\"@context\":\"https:\/\/schema.org\",\"@graph\":[{\"@type\":\"WebPage\",\"@id\":\"https:\/\/knippschild-gmbh.de\/ausbildung-zum-konstruktionsmechaniker-m-w-d\/\",\"url\":\"https:\/\/knippschild-gmbh.de\/ausbildung-zum-konstruktionsmechaniker-m-w-d\/\",\"name\":\"Ausbildung zum Konstruktionsmechaniker (m\/w\/d) - Knippschild GmbH\",\"isPartOf\":{\"@id\":\"https:\/\/knippschild-gmbh.de\/#website\"},\"primaryImageOfPage\":{\"@id\":\"https:\/\/knippschild-gmbh.de\/ausbildung-zum-konstruktionsmechaniker-m-w-d\/#primaryimage\"},\"image\":{\"@id\":\"https:\/\/knippschild-gmbh.de\/ausbildung-zum-konstruktionsmechaniker-m-w-d\/#primaryimage\"},\"thumbnailUrl\":\"https:\/\/knippschild-gmbh.de\/wp-content\/uploads\/2020\/10\/Schweissen-min-2-1024x683.jpg\",\"datePublished\":\"2023-03-02T10:45:26+00:00\",\"dateModified\":\"2023-03-02T11:10:07+00:00\",\"breadcrumb\":{\"@id\":\"https:\/\/knippschild-gmbh.de\/ausbildung-zum-konstruktionsmechaniker-m-w-d\/#breadcrumb\"},\"inLanguage\":\"en-GB\",\"potentialAction\":[{\"@type\":\"ReadAction\",\"target\":[\"https:\/\/knippschild-gmbh.de\/ausbildung-zum-konstruktionsmechaniker-m-w-d\/\"]}]},{\"@type\":\"ImageObject\",\"inLanguage\":\"en-GB\",\"@id\":\"https:\/\/knippschild-gmbh.de\/ausbildung-zum-konstruktionsmechaniker-m-w-d\/#primaryimage\",\"url\":\"https:\/\/knippschild-gmbh.de\/wp-content\/uploads\/2020\/10\/Schweissen-min-2-1024x683.jpg\",\"contentUrl\":\"https:\/\/knippschild-gmbh.de\/wp-content\/uploads\/2020\/10\/Schweissen-min-2-1024x683.jpg\"},{\"@type\":\"BreadcrumbList\",\"@id\":\"https:\/\/knippschild-gmbh.de\/ausbildung-zum-konstruktionsmechaniker-m-w-d\/#breadcrumb\",\"itemListElement\":[{\"@type\":\"ListItem\",\"position\":1,\"name\":\"Home\",\"item\":\"https:\/\/knippschild-gmbh.de\/\"},{\"@type\":\"ListItem\",\"position\":2,\"name\":\"Ausbildung zum Konstruktionsmechaniker (m\/w\/d)\"}]},{\"@type\":\"WebSite\",\"@id\":\"https:\/\/knippschild-gmbh.de\/#website\",\"url\":\"https:\/\/knippschild-gmbh.de\/\",\"name\":\"Knippschild GmbH\",\"description\":\"Stahl - Maschinenbau\",\"publisher\":{\"@id\":\"https:\/\/knippschild-gmbh.de\/#organization\"},\"potentialAction\":[{\"@type\":\"SearchAction\",\"target\":{\"@type\":\"EntryPoint\",\"urlTemplate\":\"https:\/\/knippschild-gmbh.de\/?s={search_term_string}\"},\"query-input\":{\"@type\":\"PropertyValueSpecification\",\"valueRequired\":true,\"valueName\":\"search_term_string\"}}],\"inLanguage\":\"en-GB\"},{\"@type\":\"Organization\",\"@id\":\"https:\/\/knippschild-gmbh.de\/#organization\",\"name\":\"Knippschild GmbH\",\"url\":\"https:\/\/knippschild-gmbh.de\/\",\"logo\":{\"@type\":\"ImageObject\",\"inLanguage\":\"en-GB\",\"@id\":\"https:\/\/knippschild-gmbh.de\/#\/schema\/logo\/image\/\",\"url\":\"https:\/\/knippschild-gmbh.de\/wp-content\/uploads\/2020\/10\/cropped-Knippschild_Logo_2020.png\",\"contentUrl\":\"https:\/\/knippschild-gmbh.de\/wp-content\/uploads\/2020\/10\/cropped-Knippschild_Logo_2020.png\",\"width\":328,\"height\":68,\"caption\":\"Knippschild GmbH\"},\"image\":{\"@id\":\"https:\/\/knippschild-gmbh.de\/#\/schema\/logo\/image\/\"}}]}<\/script>\n<!-- \/ Yoast SEO plugin. -->","yoast_head_json":{"title":"Ausbildung zum Konstruktionsmechaniker (m\/w\/d) - Knippschild GmbH","robots":{"index":"index","follow":"follow","max-snippet":"max-snippet:-1","max-image-preview":"max-image-preview:large","max-video-preview":"max-video-preview:-1"},"canonical":"https:\/\/knippschild-gmbh.de\/ausbildung-zum-konstruktionsmechaniker-m-w-d\/","og_locale":"en_GB","og_type":"article","og_title":"Ausbildung zum Konstruktionsmechaniker (m\/w\/d) - Knippschild GmbH","og_url":"https:\/\/knippschild-gmbh.de\/ausbildung-zum-konstruktionsmechaniker-m-w-d\/","og_site_name":"Knippschild GmbH","article_modified_time":"2023-03-02T11:10:07+00:00","og_image":[{"url":"https:\/\/knippschild-gmbh.de\/wp-content\/uploads\/2020\/10\/Schweissen-min-2-1024x683.jpg","type":"","width":"","height":""}],"twitter_card":"summary_large_image","twitter_misc":{"Estimated reading time":"2 minutes"},"schema":{"@context":"https:\/\/schema.org","@graph":[{"@type":"WebPage","@id":"https:\/\/knippschild-gmbh.de\/ausbildung-zum-konstruktionsmechaniker-m-w-d\/","url":"https:\/\/knippschild-gmbh.de\/ausbildung-zum-konstruktionsmechaniker-m-w-d\/","name":"Ausbildung zum Konstruktionsmechaniker (m\/w\/d) - Knippschild GmbH","isPartOf":{"@id":"https:\/\/knippschild-gmbh.de\/#website"},"primaryImageOfPage":{"@id":"https:\/\/knippschild-gmbh.de\/ausbildung-zum-konstruktionsmechaniker-m-w-d\/#primaryimage"},"image":{"@id":"https:\/\/knippschild-gmbh.de\/ausbildung-zum-konstruktionsmechaniker-m-w-d\/#primaryimage"},"thumbnailUrl":"https:\/\/knippschild-gmbh.de\/wp-content\/uploads\/2020\/10\/Schweissen-min-2-1024x683.jpg","datePublished":"2023-03-02T10:45:26+00:00","dateModified":"2023-03-02T11:10:07+00:00","breadcrumb":{"@id":"https:\/\/knippschild-gmbh.de\/ausbildung-zum-konstruktionsmechaniker-m-w-d\/#breadcrumb"},"inLanguage":"en-GB","potentialAction":[{"@type":"ReadAction","target":["https:\/\/knippschild-gmbh.de\/ausbildung-zum-konstruktionsmechaniker-m-w-d\/"]}]},{"@type":"ImageObject","inLanguage":"en-GB","@id":"https:\/\/knippschild-gmbh.de\/ausbildung-zum-konstruktionsmechaniker-m-w-d\/#primaryimage","url":"https:\/\/knippschild-gmbh.de\/wp-content\/uploads\/2020\/10\/Schweissen-min-2-1024x683.jpg","contentUrl":"https:\/\/knippschild-gmbh.de\/wp-content\/uploads\/2020\/10\/Schweissen-min-2-1024x683.jpg"},{"@type":"BreadcrumbList","@id":"https:\/\/knippschild-gmbh.de\/ausbildung-zum-konstruktionsmechaniker-m-w-d\/#breadcrumb","itemListElement":[{"@type":"ListItem","position":1,"name":"Home","item":"https:\/\/knippschild-gmbh.de\/"},{"@type":"ListItem","position":2,"name":"Ausbildung zum Konstruktionsmechaniker (m\/w\/d)"}]},{"@type":"WebSite","@id":"https:\/\/knippschild-gmbh.de\/#website","url":"https:\/\/knippschild-gmbh.de\/","name":"Knippschild GmbH","description":"Stahl - Maschinenbau","publisher":{"@id":"https:\/\/knippschild-gmbh.de\/#organization"},"potentialAction":[{"@type":"SearchAction","target":{"@type":"EntryPoint","urlTemplate":"https:\/\/knippschild-gmbh.de\/?s={search_term_string}"},"query-input":{"@type":"PropertyValueSpecification","valueRequired":true,"valueName":"search_term_string"}}],"inLanguage":"en-GB"},{"@type":"Organization","@id":"https:\/\/knippschild-gmbh.de\/#organization","name":"Knippschild GmbH","url":"https:\/\/knippschild-gmbh.de\/","logo":{"@type":"ImageObject","inLanguage":"en-GB","@id":"https:\/\/knippschild-gmbh.de\/#\/schema\/logo\/image\/","url":"https:\/\/knippschild-gmbh.de\/wp-content\/uploads\/2020\/10\/cropped-Knippschild_Logo_2020.png","contentUrl":"https:\/\/knippschild-gmbh.de\/wp-content\/uploads\/2020\/10\/cropped-Knippschild_Logo_2020.png","width":328,"height":68,"caption":"Knippschild GmbH"},"image":{"@id":"https:\/\/knippschild-gmbh.de\/#\/schema\/logo\/image\/"}}]}},"_links":{"self":[{"href":"https:\/\/knippschild-gmbh.de\/gb\/wp-json\/wp\/v2\/pages\/2112","targetHints":{"allow":["GET"]}}],"collection":[{"href":"https:\/\/knippschild-gmbh.de\/gb\/wp-json\/wp\/v2\/pages"}],"about":[{"href":"https:\/\/knippschild-gmbh.de\/gb\/wp-json\/wp\/v2\/types\/page"}],"author":[{"embeddable":true,"href":"https:\/\/knippschild-gmbh.de\/gb\/wp-json\/wp\/v2\/users\/1"}],"replies":[{"embeddable":true,"href":"https:\/\/knippschild-gmbh.de\/gb\/wp-json\/wp\/v2\/comments?post=2112"}],"version-history":[{"count":7,"href":"https:\/\/knippschild-gmbh.de\/gb\/wp-json\/wp\/v2\/pages\/2112\/revisions"}],"predecessor-version":[{"id":2144,"href":"https:\/\/knippschild-gmbh.de\/gb\/wp-json\/wp\/v2\/pages\/2112\/revisions\/2144"}],"wp:attachment":[{"href":"https:\/\/knippschild-gmbh.de\/gb\/wp-json\/wp\/v2\/media?parent=2112"}],"curies":[{"name":"wp","href":"https:\/\/api.w.org\/{rel}","templated":true}]}}