{"id":2445,"date":"2025-04-15T05:52:03","date_gmt":"2025-04-15T05:52:03","guid":{"rendered":"https:\/\/knippschild-gmbh.de\/?page_id=2445"},"modified":"2025-04-15T05:52:36","modified_gmt":"2025-04-15T05:52:36","slug":"agbs","status":"publish","type":"page","link":"https:\/\/knippschild-gmbh.de\/gb\/agbs\/","title":{"rendered":"AGB"},"content":{"rendered":"\t\t<div data-elementor-type=\"wp-page\" data-elementor-id=\"2445\" class=\"elementor elementor-2445\" data-elementor-post-type=\"page\">\n\t\t\t\t<div class=\"elementor-element elementor-element-90a51bd e-flex e-con-boxed e-con e-parent\" data-id=\"90a51bd\" data-element_type=\"container\">\n\t\t\t\t\t<div class=\"e-con-inner\">\n\t\t\t\t<div class=\"elementor-element elementor-element-98086c8 elementor-widget elementor-widget-text-editor\" data-id=\"98086c8\" data-element_type=\"widget\" data-widget_type=\"text-editor.default\">\n\t\t\t\t<div class=\"elementor-widget-container\">\n\t\t\t\t\t\t\t\t\t<p><strong>Verkaufs-, Lieferungs- und Zahlungsbedingungen<\/strong><\/p><ol><li><strong>Vertragsabschluss:<\/strong><\/li><\/ol><p>Unsere Angebote sind unverbindlich und freibleibend. Der Vertrag kommt erst mit unserer schriftlichen Auftragsbest\u00e4tigung zustande. Vertragsbedingungen des Kunden gelten nur, wenn sie von uns ausdr\u00fccklich best\u00e4tigt werden. Die AGB dieses Vertrages gelten auch f\u00fcr zuk\u00fcnftige Vertr\u00e4ge, sofern nicht eine Abweichung schriftlich vereinbart wird. Gewichte, Abbildungen, Zeichnungen, Beschaffenheit, Ma\u00dfe und Leistungsangaben sind nur ann\u00e4hernd und nicht zugesichert, sofern nicht in der Auftragsbest\u00e4tigung schriftlich etwas anderes niedergelegt wird. Urheberrechte an unseren Angeboten, Auftragsbest\u00e4tigungen oder sonstigen Unterlagen bleiben vorbehalten. Die Angaben und Unterlagen d\u00fcrfen auch nicht auszugsweise vervielf\u00e4ltigt oder Dritten zug\u00e4nglich gemacht werden. Sofern Auftr\u00e4ge nach Unterlagen des Bestellers durchgef\u00fchrt werden, versichert er, dass hierdurch keine Rechte Dritter beeintr\u00e4chtigt oder verletzt werden.<\/p><p>\u00a0<\/p><ol start=\"2\"><li><strong>Lieferung und Lieferzeit:<\/strong><\/li><\/ol><p>Die angegebene Lieferzeit ist nur dann verbindlich, wenn dies in unserer Auftragsbest\u00e4tigung ausdr\u00fccklich schriftlich niedergelegt worden ist. Ohne eine ausdr\u00fcckliche Verbindlichkeitserkl\u00e4rung sind die angegebenen Lieferzeiten nur als ann\u00e4hernd zu betrachten. Unvorhersehbare Ereignisse, h\u00f6here Gewalt, Betriebsst\u00f6rungen, Ausbleiben von Rohstoffen und notwendigen Materialien, verl\u00e4ngern die Lieferzeit &#8211; auch bei bestehendem Verzug &#8211; angemessen. Wird durch sie die Lieferung erheblich erschwert, so haben wir das Recht, vom Vertrag zur\u00fcckzutreten. Schadensersatzanspr\u00fcche aus Lieferverzug oder von uns zu vertretender Unm\u00f6glichkeit der Leistung sind h\u00f6chstens 5% des Auftragswerts begrenzt, es sei denn, dass wegen Vorsatz oder grober Fahrl\u00e4ssigkeit zwingend gehaftet wird. Teillieferungen sind zul\u00e4ssig. Sie d\u00fcrfen einzeln in Rechnung gestellt werden.<\/p><p>\u00a0<\/p><ol start=\"3\"><li><strong>Versand: <\/strong><\/li><\/ol><p>Alle Lieferungen erfolgen auf Gefahr des Kunden, auch wenn wir vereinbarungsgem\u00e4\u00df die Kosten der Versendung tragen. Werden \u00fcber die Versendung keine ausdr\u00fccklichen Vereinbarungen getroffen, so wird sie nach bestem Ermessen ohne Verantwortung f\u00fcr die billigste Verfrachtung bewirkt. Versicherungen gegen Transportsch\u00e4den erfolgen nur auf Anordnung und Kosten des Kunden. Verpackung wird zum Selbstkostenpreis berechnet. Wird sie innerhalb von 4 Wochen nach Lieferung in gutem Zustand franko zur\u00fcckgegeben, werden \u00b2\/3 des berechneten Betrags verg\u00fctet. Geht Ware auf dem Bef\u00f6rderungswege in Verlust, so m\u00fcssen Schadensersatzanspr\u00fcche vom Empf\u00e4nger an den Anlieferer gerichtet werden. Besch\u00e4digungen, welche die Bef\u00f6rderungsst\u00fccke auf dem Versandwege erhalten, muss sich der Empf\u00e4nger sofort auf dem Lieferschein bescheinigen lassen.<\/p><p>\u00a0<\/p><ol start=\"4\"><li><strong>Zahlungsbedingungen:<\/strong><\/li><\/ol><p>Die Preise verstehen sich mangels ausdr\u00fccklicher abweichender Vereinbarung ab Werk zzgl. Der gesetzlichen g\u00fcltigen Mehrwertsteuer. Ohne ausdr\u00fcckliche Preisvereinbarung gilt der Tagespreis zum Zeitpunkt der Lieferung. Bei Auftr\u00e4gen mit Preisvereinbarungen, die sp\u00e4ter als 12 Wochen nach Vertragsabschlu\u00df ausgef\u00fchrt werden, sind wir berechtigt den Preis unter Ber\u00fccksichtigung zwischenzeitlich eingetretener Steigerungen der Material- und Lohnkosten angemessen anzuheben. Bei Vertr\u00e4gen mit Nichtkaufleuten ist eine Preis\u00e4nderung ausgeschlossen, sofern die Ausf\u00fchrung des Vertrags innerhalb von 4 Monaten seit Vertragsabschluss erfolgt. Unsere Rechnungen sind \u2013 sofern keine anderen Bedingungen vereinbart werden \u2013 innerhalb von 30 Tagen netto ohne Abzug auszugleichen. Erfolgt der Zahlungseingang innerhalb von 10 Tagen nach Rechnungsdatum, so k\u00f6nnen 2% Skonto einbehalten werden. Wechsel und Schecks werden nur erf\u00fcllungshalber angenommen. Alle damit verbundenen Kosten gehen zu Lasten des Kunden. Die Gew\u00e4hr f\u00fcr rechtzeitige Vorlegung wird nicht \u00fcbernommen. Im Fall des Zahlungsverzuges sind wir berechtigt, Verzugszinsen in H\u00f6he von 5% \u00fcber dem jeweiligen Basiszinssatz zu berechnen. Die Geltendmachung weiteren Verzugsschaden wird hierdurch nicht ausgeschlossen. Werden nach Vertragsabschluss Umst\u00e4nde bekannt, die die Erf\u00fcllung der vertraglichen Pflichten des Kunden gef\u00e4hrdet erscheinen lassen, so sind wir berechtigt, weitere Lieferungen nur gegen Vorauskasse oder erste Sicherheiten zu leisten. Mit Ausspruch dieses Verlangens werden s\u00e4mtliche Forderungen f\u00e4llig. Wird unserem Verlangen nicht in angemessener Frist entsprochen, k\u00f6nnen wir die bis dahin erbrachten Leistungen abrechnen und im \u00dcbrigen vom Vertrage zur\u00fccktreten.<\/p><p>\u00a0<\/p><ol start=\"5\"><li><strong>Gew\u00e4hrleistung, M\u00e4ngelr\u00fcgen und M\u00e4ngelhaftung:<\/strong><\/li><\/ol><p>Der Kunde hat die gelieferte Ware unverz\u00fcglich auf \u00dcbereinstimmung mit dem Vertragsgegenstand, Vollst\u00e4ndigkeit und Mangelfreiheit zu untersuchen. Bei Kaufleuten finden die \u00a7\u00a7 337,378HGB Anwendung. M\u00e4ngelr\u00fcgen wegen offensichtlicher M\u00e4ngel m\u00fcssen unverz\u00fcglich, sp\u00e4testens 5 Werktage nach dem Eintreffen der Ware am Bestimmungsort, schriftlich spezifiziert bei uns eingehen. M\u00e4ngel, die auch bei sorgf\u00e4ltiger Pr\u00fcfung nicht sofort entdeckt werden k\u00f6nnen, sind unverz\u00fcglich nach ihrer Feststellung schriftlich zu r\u00fcgen. Durch Verhandlungen \u00fcber Beanstandungen wird nicht auf den Einwand verzichtet, dass die Mangelr\u00fcge nicht rechtzeitig oder nicht ausreichend gewesen sei. War die von uns erbrachte Leistung mangelhaft oder fehlte ihr eine zugesicherte Eigenschaft, so leisten wir \u2013 sofern im Fall der fehlenden zugesicherten Eigenschaften die Zusicherung nicht gerade die Bedeutung hat den Kunden gegen bestimmte Mangelfolgesch\u00e4den abzusichern \u2013 wie folgt Gew\u00e4hr: Wir bessern alle diejenigen Teile unentgeltlich aus oder liefern sie neu, die innerhalb der Gew\u00e4hrleistungsfrist infolge eines vor dem Gefahr\u00fcbergang liegenden Umstandes \u2013 insbesondere wegen fehlerhafter Bauart, schlechter Baustoffe oder mangelhafter Ausf\u00fchrung \u2013 sich als unbrauchbar oder in ihrer Brauchbarkeit nicht unerheblich beeintr\u00e4chtigt herausstellen. Die Feststellung solcher M\u00e4ngel ist uns unverz\u00fcglich schriftlich zu melden. Ersetzte Teile werden unser Eigentum. Soweit die gesetzlichen Gew\u00e4hrleistungsanspr\u00fcche auf Wandlung oder Minderung gehen, kann der Kunde Herabsetzung des Kaufpreises oder R\u00fcckg\u00e4ngigmachung des Vertrags verlangen, wenn die Nachbesserung auf Ersatzlieferung fehlschl\u00e4gt. Die Gew\u00e4hrleistung ist in folgenden F\u00e4llen ausgeschlossen: f\u00fcr Sch\u00e4den, die durch Reparaturen oder Eingriffe Dritter am Leistungsgegenstand entstehen, f\u00fcr Sch\u00e4den, die durch ungeeignete oder unsachgem\u00e4\u00dfe Verwendung, fehlerhafte Montage oder Inbetriebsetzung durch den Kunden oder Dritte, nat\u00fcrliche Abn\u00fctzung, fehlerhafte oder nachl\u00e4ssige Behandlung, ungeeignete Betriebsmittel und \u00e4hnlichen Gr\u00fcnden entstanden sind. In F\u00e4llen, in denen der Kunde uns nicht die Zeit und Gelegenheit, f\u00fcr die nach unserem billigen Ermessen notwendig erscheinenden Ausbesserungen oder Ersatzlieferungen gew\u00e4hrt hat, f\u00fcr offensichtliche M\u00e4ngel, die nicht sp\u00e4testens 5 Werktage nach dem Eintreffender Ware bzw. der Abnahme der Anlage schriftlich ger\u00fcgt wurden. Bei Vertr\u00e4gen mit Kaufleuten werden die Kosten der R\u00fccksendung der beanstandeten Ware bzw. des Ausbaus der fehlerhaften Teile nicht erstattet.<\/p><p>\u00a0<\/p><ol start=\"6\"><li><strong>Schadenersatz:<\/strong><\/li><\/ol><p>F\u00fcr Schadensersatzanspr\u00fcche aus Verzug oder Unm\u00f6glichkeit der Leistung gilt oben Ziffer2. Im Falle des Fehlens zugesicherter Eigenschaften, haften wir nur auf Ersatz desjenigen Schadens, dessen Abwendung mit der Zusicherung bezweckt wurde. Schadensersatzanspr\u00fcche jeglicher Art wegen Beratungsfehler, wegen Verletzung vertraglicher Nebenpflichten, wegen Montagefehler, wegen Reparatursch\u00e4den, aus Verschulden bei Vertragsabschlu\u00df, aus unerlaubter Handlung usw., werden ausgeschlossen, soweit nicht grobe Fahrl\u00e4ssigkeit oder Vorsatz des Inhabers oder seiner leitenden Angestellten \u2013 bei Vertr\u00e4gen mit Nichtkaufleuten auch der Erf\u00fcllungsgehilfen \u2013 vorliegt. Gelangt der Vertrag aus Gr\u00fcnden, die der Kunde zu vertreten hat, nicht zur Durchf\u00fchrung, sind wir berechtigt, einen pauschalen Schadensersatz in H\u00f6he von 15% des Auftragswertes zu berechnen, es sei denn, dass der Kunde nachweist, dass in seinem Fall kein oder ein wesentlich geringerer Schaden entstanden ist.<\/p><ol start=\"7\"><li><strong>Eigentumsvorbehalt:<\/strong><\/li><\/ol><p>Bis zum v\u00f6lligen Ausgleich aller Forderungen aus der Gesch\u00e4ftsverbindung bleibt von uns gelieferte Ware unser Eigentum. W\u00e4hrend der Dauer des Eigentumsvorbehalts haben wir das Recht, die Lieferungen zu den \u00fcblichen Gesch\u00e4ftszeiten zu besichtigen. Im Fall des Verzuges des Kunden sind wir zur R\u00fccknahme der unter Eigentumsvorbehalt stehenden Waren berechtigt, ohne dass hier ein R\u00fccktritt vom Vertrag zu sehen ist. Auf unser Verlangen ist die unter Eigentumsvorbehalt stehende Ware durch den Kunden zu versichern und uns die Versicherung nachzuweisen. Der Kunde ist berechtigt, die Ware im ordnungsgem\u00e4\u00dfen Gesch\u00e4ftsgang weiterzuver\u00e4u\u00dfern, solange er die ihm uns gegen\u00fcber obliegenden Pflichten ordnungsgem\u00e4\u00df erf\u00fcllt. Verpf\u00e4ndung oder Sicherungs\u00fcbereignung oder sonstige Belastungen sind nicht gestattet. F\u00fcr den Fall der Weiterver\u00e4u\u00dferung werden bereits jetzt die dem Kunden daraus erwachsenen Forderungen an uns abgetreten, gleichg\u00fcltig ob die Vorbehaltsware ohne oder nach Verarbeitung, Verbindung oder Vermischung weiterver\u00e4u\u00dfert wird. Der Kunde ist berechtigt, die Forderungen aus der Weiterver\u00e4u\u00dferung bis auf Widerruf einzuziehen. Auf unser Verlangen hin ist er verpflichtet, die Abtretung an uns seinen Abnehmern bekanntzugeben. \u00dcbersteigt der Wert der f\u00fcr uns bestehenden Sicherheiten unsere Forderungen insgesamt um mehr als 20%, so sind wir auf Verlangen des Kunden insoweit zur Freigabe von Sicherungen nach unserer Wahl verpflichtet.<\/p><p>\u00a0<\/p><ol start=\"8\"><li><strong>Erf\u00fcllungsort, Gerichtsstand, allgemeine Bestimmungen:<\/strong><\/li><\/ol><p>Erf\u00fcllungsort f\u00fcr die Lieferung ist der Versandort der Ware. Erf\u00fcllungsort f\u00fcr alle Verpflichtungen des Kunden ist der Sitz unserer Firma. Gerichtsstand f\u00fcr beide Teile \u2013 auch f\u00fcr Wechsel- und Scheckklagen \u2013 ist, sofern der Kunde Vollkaufmann, \u00f6ffentlich-rechtliche K\u00f6rperschaft oder \u00f6ffentlich-rechtliches Sonderverm\u00f6gen ist, nach unserer Wahl das Amtsgericht in Rinteln oder das Landgericht in B\u00fcckeburg. Wir sind jedoch berechtigt, unsere Anspr\u00fcche auch an dem allgemeinen Gerichtsstand des Kunden geltend zu machen. Eine Abtretung der gegen uns gerichteten Anspr\u00fcche bedarf unserer Zustimmung. Es findet ausschlie\u00dflich deutsches Recht Anwendung. Sind in den vorstehenden Bestimmungen Sonderregelungen f\u00fcr Kaufleute enthalten, so gelten diese nur f\u00fcr die Vertr\u00e4ge, die zum Betrieb von deren Handelsgewerbe geh\u00f6ren. Sollten einzelne Bestimmungen der hier niederliegenden Bedingungen unwirksam sein, so wird dadurch die Wirksamkeit der \u00fcbrigen nicht ber\u00fchrt. Die Vertragspartner verpflichten sich, anstelle der rechtlich unwirksamen Bestimmung eine wirksame zu setzen, die dem mit der unwirksamen Bestimmung verfolgten Zweck wirtschaftlich am n\u00e4chsten kommt.<\/p><p>\u00a0<\/p>\t\t\t\t\t\t\t\t<\/div>\n\t\t\t\t<\/div>\n\t\t\t\t\t<\/div>\n\t\t\t\t<\/div>\n\t\t\t\t<\/div>\n\t\t","protected":false},"excerpt":{"rendered":"<p>Verkaufs-, Lieferungs- und Zahlungsbedingungen Vertragsabschluss: Unsere Angebote sind unverbindlich und freibleibend. Der Vertrag kommt erst mit unserer schriftlichen Auftragsbest\u00e4tigung zustande. Vertragsbedingungen des Kunden gelten nur, wenn sie von uns ausdr\u00fccklich best\u00e4tigt werden. Die AGB dieses Vertrages gelten auch f\u00fcr zuk\u00fcnftige Vertr\u00e4ge, sofern nicht eine Abweichung schriftlich vereinbart wird. Gewichte, Abbildungen, Zeichnungen, Beschaffenheit, Ma\u00dfe und Leistungsangaben [&hellip;]<\/p>\n","protected":false},"author":3,"featured_media":0,"parent":0,"menu_order":0,"comment_status":"closed","ping_status":"closed","template":"","meta":{"ocean_post_layout":"","ocean_both_sidebars_style":"","ocean_both_sidebars_content_width":0,"ocean_both_sidebars_sidebars_width":0,"ocean_sidebar":"0","ocean_second_sidebar":"0","ocean_disable_margins":"enable","ocean_add_body_class":"","ocean_shortcode_before_top_bar":"","ocean_shortcode_after_top_bar":"","ocean_shortcode_before_header":"","ocean_shortcode_after_header":"","ocean_has_shortcode":"","ocean_shortcode_after_title":"","ocean_shortcode_before_footer_widgets":"","ocean_shortcode_after_footer_widgets":"","ocean_shortcode_before_footer_bottom":"","ocean_shortcode_after_footer_bottom":"","ocean_display_top_bar":"default","ocean_display_header":"default","ocean_header_style":"","ocean_center_header_left_menu":"0","ocean_custom_header_template":"0","ocean_custom_logo":0,"ocean_custom_retina_logo":0,"ocean_custom_logo_max_width":0,"ocean_custom_logo_tablet_max_width":0,"ocean_custom_logo_mobile_max_width":0,"ocean_custom_logo_max_height":0,"ocean_custom_logo_tablet_max_height":0,"ocean_custom_logo_mobile_max_height":0,"ocean_header_custom_menu":"0","ocean_menu_typo_font_family":"0","ocean_menu_typo_font_subset":"","ocean_menu_typo_font_size":0,"ocean_menu_typo_font_size_tablet":0,"ocean_menu_typo_font_size_mobile":0,"ocean_menu_typo_font_size_unit":"px","ocean_menu_typo_font_weight":"","ocean_menu_typo_font_weight_tablet":"","ocean_menu_typo_font_weight_mobile":"","ocean_menu_typo_transform":"","ocean_menu_typo_transform_tablet":"","ocean_menu_typo_transform_mobile":"","ocean_menu_typo_line_height":0,"ocean_menu_typo_line_height_tablet":0,"ocean_menu_typo_line_height_mobile":0,"ocean_menu_typo_line_height_unit":"","ocean_menu_typo_spacing":0,"ocean_menu_typo_spacing_tablet":0,"ocean_menu_typo_spacing_mobile":0,"ocean_menu_typo_spacing_unit":"","ocean_menu_link_color":"","ocean_menu_link_color_hover":"","ocean_menu_link_color_active":"","ocean_menu_link_background":"","ocean_menu_link_hover_background":"","ocean_menu_link_active_background":"","ocean_menu_social_links_bg":"","ocean_menu_social_hover_links_bg":"","ocean_menu_social_links_color":"","ocean_menu_social_hover_links_color":"","ocean_disable_title":"default","ocean_disable_heading":"default","ocean_post_title":"","ocean_post_subheading":"","ocean_post_title_style":"","ocean_post_title_background_color":"","ocean_post_title_background":0,"ocean_post_title_bg_image_position":"","ocean_post_title_bg_image_attachment":"","ocean_post_title_bg_image_repeat":"","ocean_post_title_bg_image_size":"","ocean_post_title_height":0,"ocean_post_title_bg_overlay":0.5,"ocean_post_title_bg_overlay_color":"","ocean_disable_breadcrumbs":"default","ocean_breadcrumbs_color":"","ocean_breadcrumbs_separator_color":"","ocean_breadcrumbs_links_color":"","ocean_breadcrumbs_links_hover_color":"","ocean_display_footer_widgets":"default","ocean_display_footer_bottom":"default","ocean_custom_footer_template":"0","footnotes":""},"class_list":["post-2445","page","type-page","status-publish","hentry","entry"],"translation":{"provider":"WPGlobus","version":"3.0.1","language":"gb","enabled_languages":["de","gb"],"languages":{"de":{"title":true,"content":true,"excerpt":false},"gb":{"title":false,"content":false,"excerpt":false}}},"yoast_head":"<!-- This site is optimized with the Yoast SEO plugin v26.8 - https:\/\/yoast.com\/product\/yoast-seo-wordpress\/ -->\n<title>AGB - Knippschild GmbH<\/title>\n<meta name=\"robots\" content=\"index, follow, max-snippet:-1, max-image-preview:large, max-video-preview:-1\" \/>\n<link rel=\"canonical\" href=\"https:\/\/knippschild-gmbh.de\/agbs\/\" \/>\n<meta property=\"og:locale\" content=\"en_GB\" \/>\n<meta property=\"og:type\" content=\"article\" \/>\n<meta property=\"og:title\" content=\"AGB - Knippschild GmbH\" \/>\n<meta property=\"og:url\" content=\"https:\/\/knippschild-gmbh.de\/agbs\/\" \/>\n<meta property=\"og:site_name\" content=\"Knippschild GmbH\" \/>\n<meta property=\"article:modified_time\" content=\"2025-04-15T05:52:36+00:00\" \/>\n<meta name=\"twitter:card\" content=\"summary_large_image\" \/>\n<meta name=\"twitter:label1\" content=\"Estimated reading time\" \/>\n\t<meta name=\"twitter:data1\" content=\"8 minutes\" \/>\n<script type=\"application\/ld+json\" class=\"yoast-schema-graph\">{\"@context\":\"https:\/\/schema.org\",\"@graph\":[{\"@type\":\"WebPage\",\"@id\":\"https:\/\/knippschild-gmbh.de\/agbs\/\",\"url\":\"https:\/\/knippschild-gmbh.de\/agbs\/\",\"name\":\"AGB - Knippschild GmbH\",\"isPartOf\":{\"@id\":\"https:\/\/knippschild-gmbh.de\/#website\"},\"datePublished\":\"2025-04-15T05:52:03+00:00\",\"dateModified\":\"2025-04-15T05:52:36+00:00\",\"breadcrumb\":{\"@id\":\"https:\/\/knippschild-gmbh.de\/agbs\/#breadcrumb\"},\"inLanguage\":\"en-GB\",\"potentialAction\":[{\"@type\":\"ReadAction\",\"target\":[\"https:\/\/knippschild-gmbh.de\/agbs\/\"]}]},{\"@type\":\"BreadcrumbList\",\"@id\":\"https:\/\/knippschild-gmbh.de\/agbs\/#breadcrumb\",\"itemListElement\":[{\"@type\":\"ListItem\",\"position\":1,\"name\":\"Home\",\"item\":\"https:\/\/knippschild-gmbh.de\/\"},{\"@type\":\"ListItem\",\"position\":2,\"name\":\"AGB\"}]},{\"@type\":\"WebSite\",\"@id\":\"https:\/\/knippschild-gmbh.de\/#website\",\"url\":\"https:\/\/knippschild-gmbh.de\/\",\"name\":\"Knippschild GmbH\",\"description\":\"Stahl - Maschinenbau\",\"publisher\":{\"@id\":\"https:\/\/knippschild-gmbh.de\/#organization\"},\"potentialAction\":[{\"@type\":\"SearchAction\",\"target\":{\"@type\":\"EntryPoint\",\"urlTemplate\":\"https:\/\/knippschild-gmbh.de\/?s={search_term_string}\"},\"query-input\":{\"@type\":\"PropertyValueSpecification\",\"valueRequired\":true,\"valueName\":\"search_term_string\"}}],\"inLanguage\":\"en-GB\"},{\"@type\":\"Organization\",\"@id\":\"https:\/\/knippschild-gmbh.de\/#organization\",\"name\":\"Knippschild GmbH\",\"url\":\"https:\/\/knippschild-gmbh.de\/\",\"logo\":{\"@type\":\"ImageObject\",\"inLanguage\":\"en-GB\",\"@id\":\"https:\/\/knippschild-gmbh.de\/#\/schema\/logo\/image\/\",\"url\":\"https:\/\/knippschild-gmbh.de\/wp-content\/uploads\/2020\/10\/cropped-Knippschild_Logo_2020.png\",\"contentUrl\":\"https:\/\/knippschild-gmbh.de\/wp-content\/uploads\/2020\/10\/cropped-Knippschild_Logo_2020.png\",\"width\":328,\"height\":68,\"caption\":\"Knippschild GmbH\"},\"image\":{\"@id\":\"https:\/\/knippschild-gmbh.de\/#\/schema\/logo\/image\/\"}}]}<\/script>\n<!-- \/ Yoast SEO plugin. -->","yoast_head_json":{"title":"AGB - Knippschild GmbH","robots":{"index":"index","follow":"follow","max-snippet":"max-snippet:-1","max-image-preview":"max-image-preview:large","max-video-preview":"max-video-preview:-1"},"canonical":"https:\/\/knippschild-gmbh.de\/agbs\/","og_locale":"en_GB","og_type":"article","og_title":"AGB - Knippschild GmbH","og_url":"https:\/\/knippschild-gmbh.de\/agbs\/","og_site_name":"Knippschild GmbH","article_modified_time":"2025-04-15T05:52:36+00:00","twitter_card":"summary_large_image","twitter_misc":{"Estimated reading time":"8 minutes"},"schema":{"@context":"https:\/\/schema.org","@graph":[{"@type":"WebPage","@id":"https:\/\/knippschild-gmbh.de\/agbs\/","url":"https:\/\/knippschild-gmbh.de\/agbs\/","name":"AGB - Knippschild GmbH","isPartOf":{"@id":"https:\/\/knippschild-gmbh.de\/#website"},"datePublished":"2025-04-15T05:52:03+00:00","dateModified":"2025-04-15T05:52:36+00:00","breadcrumb":{"@id":"https:\/\/knippschild-gmbh.de\/agbs\/#breadcrumb"},"inLanguage":"en-GB","potentialAction":[{"@type":"ReadAction","target":["https:\/\/knippschild-gmbh.de\/agbs\/"]}]},{"@type":"BreadcrumbList","@id":"https:\/\/knippschild-gmbh.de\/agbs\/#breadcrumb","itemListElement":[{"@type":"ListItem","position":1,"name":"Home","item":"https:\/\/knippschild-gmbh.de\/"},{"@type":"ListItem","position":2,"name":"AGB"}]},{"@type":"WebSite","@id":"https:\/\/knippschild-gmbh.de\/#website","url":"https:\/\/knippschild-gmbh.de\/","name":"Knippschild GmbH","description":"Stahl - Maschinenbau","publisher":{"@id":"https:\/\/knippschild-gmbh.de\/#organization"},"potentialAction":[{"@type":"SearchAction","target":{"@type":"EntryPoint","urlTemplate":"https:\/\/knippschild-gmbh.de\/?s={search_term_string}"},"query-input":{"@type":"PropertyValueSpecification","valueRequired":true,"valueName":"search_term_string"}}],"inLanguage":"en-GB"},{"@type":"Organization","@id":"https:\/\/knippschild-gmbh.de\/#organization","name":"Knippschild GmbH","url":"https:\/\/knippschild-gmbh.de\/","logo":{"@type":"ImageObject","inLanguage":"en-GB","@id":"https:\/\/knippschild-gmbh.de\/#\/schema\/logo\/image\/","url":"https:\/\/knippschild-gmbh.de\/wp-content\/uploads\/2020\/10\/cropped-Knippschild_Logo_2020.png","contentUrl":"https:\/\/knippschild-gmbh.de\/wp-content\/uploads\/2020\/10\/cropped-Knippschild_Logo_2020.png","width":328,"height":68,"caption":"Knippschild GmbH"},"image":{"@id":"https:\/\/knippschild-gmbh.de\/#\/schema\/logo\/image\/"}}]}},"_links":{"self":[{"href":"https:\/\/knippschild-gmbh.de\/gb\/wp-json\/wp\/v2\/pages\/2445","targetHints":{"allow":["GET"]}}],"collection":[{"href":"https:\/\/knippschild-gmbh.de\/gb\/wp-json\/wp\/v2\/pages"}],"about":[{"href":"https:\/\/knippschild-gmbh.de\/gb\/wp-json\/wp\/v2\/types\/page"}],"author":[{"embeddable":true,"href":"https:\/\/knippschild-gmbh.de\/gb\/wp-json\/wp\/v2\/users\/3"}],"replies":[{"embeddable":true,"href":"https:\/\/knippschild-gmbh.de\/gb\/wp-json\/wp\/v2\/comments?post=2445"}],"version-history":[{"count":8,"href":"https:\/\/knippschild-gmbh.de\/gb\/wp-json\/wp\/v2\/pages\/2445\/revisions"}],"predecessor-version":[{"id":2453,"href":"https:\/\/knippschild-gmbh.de\/gb\/wp-json\/wp\/v2\/pages\/2445\/revisions\/2453"}],"wp:attachment":[{"href":"https:\/\/knippschild-gmbh.de\/gb\/wp-json\/wp\/v2\/media?parent=2445"}],"curies":[{"name":"wp","href":"https:\/\/api.w.org\/{rel}","templated":true}]}}